{"id":21,"date":"2025-08-26T14:35:46","date_gmt":"2025-08-26T14:35:46","guid":{"rendered":"http:\/\/www.stdhw.com\/?page_id=21"},"modified":"2025-08-29T13:51:12","modified_gmt":"2025-08-29T13:51:12","slug":"biz-kimiz","status":"publish","type":"page","link":"http:\/\/www.stdhw.com\/index.php\/biz-kimiz\/","title":{"rendered":"Biz Kimiz"},"content":{"rendered":"\n<h2 class=\"wp-block-heading\">Biz Kimiz?<\/h2>\n\n\n\n<p>Biz, bili\u015fim d\u00fcnyas\u0131nda <strong>30 y\u0131l\u0131 a\u015fk\u0131n profesyonel tecr\u00fcbesini<\/strong> geride b\u0131rakm\u0131\u015f bir ekip olarak, bilgisayar donan\u0131mlar\u0131 alan\u0131nda <strong>g\u00fcvenilirlik ve g\u00fcncellik standartlar\u0131<\/strong> olu\u015fturmay\u0131 hedefleyen ba\u011f\u0131ms\u0131z bir kurumuz.<br>Kariyerimiz boyunca edindi\u011fimiz bilgi birikimini, yaln\u0131zca teknik bir uzmanl\u0131k olarak de\u011fil, ayn\u0131 zamanda firmalara katma de\u011fer sa\u011flayan bir hizmet yakla\u015f\u0131m\u0131 olarak \u015fekillendirdik.<\/p>\n\n\n\n<h3 class=\"wp-block-heading\">Neden Var\u0131z?<\/h3>\n\n\n\n<p>G\u00fcn\u00fcm\u00fczde i\u015fletmelerin s\u00fcrd\u00fcr\u00fclebilirli\u011fi, sadece yaz\u0131l\u0131mlar\u0131yla de\u011fil, ayn\u0131 zamanda kulland\u0131klar\u0131 <strong>donan\u0131mlar\u0131n g\u00fcvenilirli\u011fi<\/strong> ile de do\u011frudan ili\u015fkilidir.<br>Bizler, bilgisayar sistemlerinin <strong>minimum gereksinimlere<\/strong> uygunlu\u011funu denetleyerek; firmalar\u0131n verimlilik, g\u00fcvenlik ve uluslararas\u0131 standartlarla uyum noktas\u0131nda do\u011fru bir seviyede konumlanmalar\u0131n\u0131 sa\u011fl\u0131yoruz.<br>Bunu yaparken; ba\u011f\u0131ms\u0131z, \u015feffaf ve tarafs\u0131z bir yakla\u015f\u0131m\u0131 esas al\u0131yor, m\u00fc\u015fterilerimize yaln\u0131zca bir sertifika de\u011fil, ayn\u0131 zamanda <strong>itibar ve g\u00fcven kazand\u0131r\u0131yoruz.<\/strong><\/p>\n\n\n\n<h3 class=\"wp-block-heading\">Ne Yap\u0131yoruz?<\/h3>\n\n\n\n<ul class=\"wp-block-list\">\n<li>Firmalar\u0131n bilgisayar envanterlerini analiz ediyoruz.<\/li>\n\n\n\n<li>Donan\u0131m kriterlerimizi (\u00f6rne\u011fin 12. nesil i\u015flemci, minimum bellek ve g\u00fcncel \u00fcretim y\u0131l\u0131 gibi) kar\u015f\u0131layan sistemleri de\u011ferlendiriyoruz.<\/li>\n\n\n\n<li>Bu kriterleri kar\u015f\u0131layan bilgisayarlara, <strong>3 y\u0131l ge\u00e7erli olacak sertifika ve bandrol<\/strong> veriyoruz.<\/li>\n\n\n\n<li>S\u00fcre\u00e7 boyunca i\u015fletmelere, donan\u0131mlar\u0131n\u0131 g\u00fcncelleme, yenileme ve s\u00fcrd\u00fcr\u00fclebilir hale getirme konusunda <strong>yol g\u00f6sterici raporlar<\/strong> sunuyoruz.<\/li>\n<\/ul>\n\n\n\n<h3 class=\"wp-block-heading\">Fark\u0131m\u0131z Ne?<\/h3>\n\n\n\n<p>Bizler, yaln\u0131zca teknik bir denetim firmas\u0131 de\u011filiz. Ayn\u0131 zamanda:<\/p>\n\n\n\n<ul class=\"wp-block-list\">\n<li>\u0130\u015fletmelerin uluslararas\u0131 pazarda <strong>sayg\u0131nl\u0131k kazanmas\u0131na<\/strong> destek oluyoruz.<\/li>\n\n\n\n<li>Her \u00fc\u00e7 y\u0131lda bir yenilenen denetimlerle, sistemlerin g\u00fcncel kalmas\u0131n\u0131 sa\u011fl\u0131yoruz.<\/li>\n\n\n\n<li>\u201cDonan\u0131m g\u00fcvenilirli\u011fi\u201d alan\u0131nda, <strong>T\u00fcrkiye ve D\u00fcnya&#8217;da \u00f6nc\u00fc<\/strong> bir yakla\u015f\u0131m sunuyoruz.<\/li>\n<\/ul>\n\n\n\n<h3 class=\"wp-block-heading\">Vizyonumuz<\/h3>\n\n\n\n<p>Firmalar\u0131n, teknolojiyi yaln\u0131zca kullanmalar\u0131n\u0131 de\u011fil, ayn\u0131 zamanda <strong>g\u00fcvenilir, verimli ve s\u00fcrd\u00fcr\u00fclebilir<\/strong> \u015fekilde y\u00f6netmelerini sa\u011flamak.<br>Gelece\u011fin i\u015f d\u00fcnyas\u0131nda, \u201cdonan\u0131m g\u00fcvenilirli\u011fi sertifikas\u0131\u201d ta\u015f\u0131yan i\u015fletmelerin, hem ulusal hem de uluslararas\u0131 alanda fark yarataca\u011f\u0131na inan\u0131yoruz.<\/p>\n\n\n\n<h3 class=\"wp-block-heading\">Misyonumuz<\/h3>\n\n\n\n<p>\u0130\u015fletmelere, do\u011fru donan\u0131m yat\u0131r\u0131mlar\u0131 yapmalar\u0131n\u0131 sa\u011flayacak tarafs\u0131z bir yol haritas\u0131 sunmak; bilgisayar sistemlerini <strong>g\u00fcncel, g\u00fcvenilir ve gelece\u011fe haz\u0131r<\/strong> hale getirmek.<\/p>\n","protected":false},"excerpt":{"rendered":"<p>Biz Kimiz? Biz, bili\u015fim d\u00fcnyas\u0131nda 30 y\u0131l\u0131 a\u015fk\u0131n profesyonel tecr\u00fcbesini geride b\u0131rakm\u0131\u015f bir ekip olarak, bilgisayar donan\u0131mlar\u0131 alan\u0131nda g\u00fcvenilirlik ve g\u00fcncellik standartlar\u0131 olu\u015fturmay\u0131 hedefleyen ba\u011f\u0131ms\u0131z bir kurumuz.Kariyerimiz boyunca edindi\u011fimiz bilgi birikimini, yaln\u0131zca teknik bir uzmanl\u0131k olarak de\u011fil, ayn\u0131 zamanda firmalara katma de\u011fer sa\u011flayan bir hizmet yakla\u015f\u0131m\u0131 olarak \u015fekillendirdik. Neden Var\u0131z? G\u00fcn\u00fcm\u00fczde i\u015fletmelerin s\u00fcrd\u00fcr\u00fclebilirli\u011fi, sadece yaz\u0131l\u0131mlar\u0131yla [&hellip;]<\/p>\n","protected":false},"author":1,"featured_media":0,"parent":0,"menu_order":0,"comment_status":"closed","ping_status":"closed","template":"","meta":{"site-container-style":"default","site-container-layout":"default","site-sidebar-layout":"default","disable-article-header":"default","disable-site-header":"default","disable-site-footer":"default","disable-content-area-spacing":"default","footnotes":""},"class_list":["post-21","page","type-page","status-publish","hentry"],"_links":{"self":[{"href":"http:\/\/www.stdhw.com\/index.php\/wp-json\/wp\/v2\/pages\/21","targetHints":{"allow":["GET"]}}],"collection":[{"href":"http:\/\/www.stdhw.com\/index.php\/wp-json\/wp\/v2\/pages"}],"about":[{"href":"http:\/\/www.stdhw.com\/index.php\/wp-json\/wp\/v2\/types\/page"}],"author":[{"embeddable":true,"href":"http:\/\/www.stdhw.com\/index.php\/wp-json\/wp\/v2\/users\/1"}],"replies":[{"embeddable":true,"href":"http:\/\/www.stdhw.com\/index.php\/wp-json\/wp\/v2\/comments?post=21"}],"version-history":[{"count":4,"href":"http:\/\/www.stdhw.com\/index.php\/wp-json\/wp\/v2\/pages\/21\/revisions"}],"predecessor-version":[{"id":36,"href":"http:\/\/www.stdhw.com\/index.php\/wp-json\/wp\/v2\/pages\/21\/revisions\/36"}],"wp:attachment":[{"href":"http:\/\/www.stdhw.com\/index.php\/wp-json\/wp\/v2\/media?parent=21"}],"curies":[{"name":"wp","href":"https:\/\/api.w.org\/{rel}","templated":true}]}}